{"id":1424,"date":"2025-03-25T15:22:03","date_gmt":"2025-03-25T14:22:03","guid":{"rendered":"https:\/\/www.delta-nex.com\/?page_id=1424"},"modified":"2025-04-27T07:50:51","modified_gmt":"2025-04-27T06:50:51","slug":"impressum","status":"publish","type":"page","link":"http:\/\/www.delta-nex.com\/en\/impressum","title":{"rendered":"Legal notice"},"content":{"rendered":"<p class=\"has-x-large-font-size\" data-block-type=\"core\">IMPRESSUM<\/p>\n\n\n\n<p class=\"has-medium-font-size\" data-block-type=\"core\"><strong>DELTA-NEX Engineering GmbH<\/strong><br>Stockhofstra\u00dfe 31, <br>A-4020 Linz<br><br>Unternehmensgegenstand: Ingenieurb\u00fcro<br><br>UID: ATU81453534<br>Firmenbuchnummer: FN643363y\u00a0<br>Firmenbuchgericht: Landesgericht Linz<br><br>Kontaktdaten: office *AT* delta-nex.com <br><br>Mitgliedschaften bei der Wirtschaftskammerorganisation: Mitglied der WK\u00d6\u00d6<br>Aufsichtsbeh\u00f6rde\/Gewerbebeh\u00f6rde: BH Linz<\/p>\n\n\n\n<p data-block-type=\"core\"><\/p>\n\n\n\n<p data-block-type=\"core\">hier geht es zum Link <a href=\"https:\/\/www.delta-nex.com\/en\/privacy-policy\/\" data-type=\"page\" data-id=\"3\">Data Protection<\/a><\/p>","protected":false},"excerpt":{"rendered":"<p>IMPRESSUM DELTA-NEX Engineering GmbHStockhofstra\u00dfe 31, A-4020 Linz Unternehmensgegenstand: Ingenieurb\u00fcro UID: ATU81453534Firmenbuchnummer: FN643363y\u00a0Firmenbuchgericht: Landesgericht Linz Kontaktdaten: office *AT* delta-nex.com Mitgliedschaften bei der Wirtschaftskammerorganisation: Mitglied der WK\u00d6\u00d6Aufsichtsbeh\u00f6rde\/Gewerbebeh\u00f6rde: BH Linz hier geht es zum Link Datenschutz<\/p>","protected":false},"author":1,"featured_media":0,"parent":0,"menu_order":0,"comment_status":"closed","ping_status":"closed","template":"","meta":{"footnotes":""},"class_list":["post-1424","page","type-page","status-publish","hentry"],"blocksy_meta":[],"_links":{"self":[{"href":"http:\/\/www.delta-nex.com\/en\/wp-json\/wp\/v2\/pages\/1424","targetHints":{"allow":["GET"]}}],"collection":[{"href":"http:\/\/www.delta-nex.com\/en\/wp-json\/wp\/v2\/pages"}],"about":[{"href":"http:\/\/www.delta-nex.com\/en\/wp-json\/wp\/v2\/types\/page"}],"author":[{"embeddable":true,"href":"http:\/\/www.delta-nex.com\/en\/wp-json\/wp\/v2\/users\/1"}],"replies":[{"embeddable":true,"href":"http:\/\/www.delta-nex.com\/en\/wp-json\/wp\/v2\/comments?post=1424"}],"version-history":[{"count":8,"href":"http:\/\/www.delta-nex.com\/en\/wp-json\/wp\/v2\/pages\/1424\/revisions"}],"predecessor-version":[{"id":2280,"href":"http:\/\/www.delta-nex.com\/en\/wp-json\/wp\/v2\/pages\/1424\/revisions\/2280"}],"wp:attachment":[{"href":"http:\/\/www.delta-nex.com\/en\/wp-json\/wp\/v2\/media?parent=1424"}],"curies":[{"name":"wp","href":"https:\/\/api.w.org\/{rel}","templated":true}]}}